{"id":33,"date":"2021-11-02T00:12:28","date_gmt":"2021-11-02T00:12:28","guid":{"rendered":"https:\/\/virtualtransport.mx\/?page_id=33"},"modified":"2021-11-16T17:35:43","modified_gmt":"2021-11-16T17:35:43","slug":"nosotros","status":"publish","type":"page","link":"https:\/\/virtualtransport.mx\/index.php\/nosotros\/","title":{"rendered":"Nosotros"},"content":{"rendered":"<p>[et_pb_section fb_built=\u00bb1&#8243; next_background_color=\u00bb#ffffff\u00bb _builder_version=\u00bb4.4.4&#8243; background_image=\u00bbhttps:\/\/virtualtransport.mx\/wp-content\/uploads\/2021\/11\/banner-3.jpg\u00bb custom_padding=\u00bb199px||200px|||\u00bb bottom_divider_style=\u00bbcurve\u00bb bottom_divider_height=\u00bb30px\u00bb bottom_divider_flip=\u00bbvertical\u00bb][et_pb_row _builder_version=\u00bb4.4.4&#8243;][et_pb_column type=\u00bb4_4&#8243; _builder_version=\u00bb4.4.4&#8243;][et_pb_text _builder_version=\u00bb4.4.4&#8243; header_font=\u00bb|700|||||||\u00bb header_text_align=\u00bbcenter\u00bb header_text_color=\u00bb#ffffff\u00bb header_font_size=\u00bb70px\u00bb]<\/p>\n<h1>Nosotros<\/h1>\n<p>[\/et_pb_text][\/et_pb_column][\/et_pb_row][\/et_pb_section][et_pb_section fb_built=\u00bb1&#8243; _builder_version=\u00bb4.4.4&#8243; use_background_color_gradient=\u00bbon\u00bb background_color_gradient_start=\u00bbrgba(43,135,218,0)\u00bb background_color_gradient_end=\u00bb#F2F2F2&#8243; background_color_gradient_start_position=\u00bb73%\u00bb background_color_gradient_end_position=\u00bb0%\u00bb][et_pb_row column_structure=\u00bb1_2,1_2&#8243; use_custom_gutter=\u00bbon\u00bb gutter_width=\u00bb1&#8243; _builder_version=\u00bb4.4.4&#8243;][et_pb_column type=\u00bb1_2&#8243; _builder_version=\u00bb4.4.4&#8243; background_color=\u00bb#112125&#8243;][et_pb_text _builder_version=\u00bb4.4.4&#8243; text_text_color=\u00bb#d6d6d6&#8243; header_font=\u00bb|700|||||||\u00bb header_text_color=\u00bb#d6d6d6&#8243; header_font_size=\u00bb48px\u00bb text_orientation=\u00bbjustified\u00bb custom_padding=\u00bb120px|50px|120px|50px|false|false\u00bb custom_padding_tablet=\u00bb\u00bb custom_padding_phone=\u00bb70px|20px|70px|20px|false|false\u00bb custom_padding_last_edited=\u00bbon|phone\u00bb header_font_size_tablet=\u00bb\u00bb header_font_size_phone=\u00bb38px\u00bb header_font_size_last_edited=\u00bbon|phone\u00bb]<\/p>\n<h1>Qui\u00e9nes somos<\/h1>\n<p>&nbsp;<\/p>\n<p>Somos una Empresa de Log\u00edstica con experiencia de m\u00e1s de 12 a\u00f1os en el mercado Nacional e Internacional, enfocados y orientados a generar resultados al cliente.<\/p>\n<p>Nacemos con la idea de eliminar costos de vac\u00edo al transportista y eficientar costos de traslado de mercanc\u00edas al cliente.<\/p>\n<p>[\/et_pb_text][\/et_pb_column][et_pb_column type=\u00bb1_2&#8243; _builder_version=\u00bb4.4.4&#8243;][et_pb_image src=\u00bbhttps:\/\/virtualtransport.mx\/wp-content\/uploads\/2021\/11\/Transporte-terrestre.jpg\u00bb title_text=\u00bbTransporte terrestre\u00bb _builder_version=\u00bb4.4.4&#8243; transform_translate=\u00bb0px|60px\u00bb transform_translate_linked=\u00bboff\u00bb][\/et_pb_image][\/et_pb_column][\/et_pb_row][\/et_pb_section][et_pb_section fb_built=\u00bb1&#8243; next_background_color=\u00bb#112125&#8243; _builder_version=\u00bb4.4.4&#8243; background_color=\u00bb#F2F2F2&#8243; bottom_divider_style=\u00bbcurve\u00bb bottom_divider_height=\u00bb30px\u00bb][et_pb_row column_structure=\u00bb1_2,1_2&#8243; _builder_version=\u00bb4.4.4&#8243; custom_padding=\u00bb||0px|||\u00bb][et_pb_column type=\u00bb1_2&#8243; _builder_version=\u00bb4.4.4&#8243;][et_pb_text _builder_version=\u00bb4.4.4&#8243; text_text_color=\u00bb#3F3F45&#8243; header_font=\u00bb|700|||||||\u00bb header_text_color=\u00bb#3F3F45&#8243; header_font_size=\u00bb48px\u00bb text_orientation=\u00bbjustified\u00bb custom_padding=\u00bb60px|50px|60px|50px|false|false\u00bb custom_padding_tablet=\u00bb\u00bb custom_padding_phone=\u00bb60px|20px|60px|20px|false|false\u00bb custom_padding_last_edited=\u00bbon|phone\u00bb hover_enabled=\u00bb0&#8243; header_font_size_tablet=\u00bb\u00bb header_font_size_phone=\u00bb34px\u00bb header_font_size_last_edited=\u00bbon|phone\u00bb]<\/p>\n<h1>Nuestro compromiso<\/h1>\n<p>&nbsp;<\/p>\n<p>Satisfacer las necesidades especificas de nuestros clientes, mediante la eficiencia y eficacia en la gesti\u00f3n de cada uno de\u00a0los procesos a trav\u00e9s de nuestro equipo humano priorizando la seguridad en la prestaci\u00f3n de cada servicio de transporte solicitado a base de nuestro esfuerzo y pasi\u00f3n de nuestro trabajo.<\/p>\n<p>[\/et_pb_text][\/et_pb_column][et_pb_column type=\u00bb1_2&#8243; _builder_version=\u00bb4.4.4&#8243;][\/et_pb_column][\/et_pb_row][et_pb_row column_structure=\u00bb1_3,1_3,1_3&#8243; _builder_version=\u00bb4.4.4&#8243;][et_pb_column type=\u00bb1_3&#8243; _builder_version=\u00bb4.4.4&#8243;][et_pb_image src=\u00bbhttps:\/\/virtualtransport.mx\/wp-content\/uploads\/2021\/11\/High-value-.jpg\u00bb title_text=\u00bbHigh value -\u00bb _builder_version=\u00bb4.4.4&#8243; border_radii=\u00bbon|6px|6px|6px|6px\u00bb][\/et_pb_image][\/et_pb_column][et_pb_column type=\u00bb1_3&#8243; _builder_version=\u00bb4.4.4&#8243;][et_pb_image src=\u00bbhttps:\/\/virtualtransport.mx\/wp-content\/uploads\/2021\/11\/Transporte-terrestre.jpg\u00bb title_text=\u00bbTransporte terrestre\u00bb _builder_version=\u00bb4.4.4&#8243; border_radii=\u00bbon|6px|6px|6px|6px\u00bb][\/et_pb_image][\/et_pb_column][et_pb_column type=\u00bb1_3&#8243; _builder_version=\u00bb4.4.4&#8243;][et_pb_image src=\u00bbhttps:\/\/virtualtransport.mx\/wp-content\/uploads\/2021\/11\/Transporte-maritimo.jpg\u00bb title_text=\u00bbTransporte mar\u00edtimo\u00bb _builder_version=\u00bb4.4.4&#8243; border_radii=\u00bbon|6px|6px|6px|6px\u00bb][\/et_pb_image][\/et_pb_column][\/et_pb_row][\/et_pb_section][et_pb_section fb_built=\u00bb1&#8243; _builder_version=\u00bb4.4.4&#8243; background_color=\u00bb#112125&#8243;][et_pb_row column_structure=\u00bb1_3,1_3,1_3&#8243; _builder_version=\u00bb4.4.4&#8243;][et_pb_column type=\u00bb1_3&#8243; _builder_version=\u00bb4.4.4&#8243; background_color=\u00bb#3F3F45&#8243; border_radii=\u00bbon|6px|6px|6px|6px\u00bb box_shadow_style=\u00bbpreset3&#8243;][et_pb_blurb title=\u00bbMisi\u00f3n\u00bb image=\u00bbhttps:\/\/virtualtransport.mx\/wp-content\/uploads\/2021\/11\/Mision-.jpg\u00bb _builder_version=\u00bb4.4.4&#8243; header_font=\u00bb|700|||||||\u00bb header_text_color=\u00bb#d6d6d6&#8243; body_text_align=\u00bbjustify\u00bb body_text_color=\u00bb#d6d6d6&#8243; text_orientation=\u00bbcenter\u00bb custom_padding=\u00bb20px|20px|20px|20px|true|true\u00bb]<\/p>\n<p>Ser una Empresa l\u00edder especializada en brindar soluciones integrales de servicio de transporte y log\u00edstica de carga para los mercados nacionales e internacionales en base a innovaci\u00f3n y desarrollo de procesos enfocados a satisfacer las necesidades de nuestros clientes por medio de un servicio personalizado superando expectativas, garantizando excelencia y calidad utilizando tecnolog\u00eda de punta.<\/p>\n<p>[\/et_pb_blurb][\/et_pb_column][et_pb_column type=\u00bb1_3&#8243; _builder_version=\u00bb4.4.4&#8243; background_color=\u00bb#3F3F45&#8243; border_radii=\u00bbon|6px|6px|6px|6px\u00bb box_shadow_style=\u00bbpreset3&#8243;][et_pb_blurb title=\u00bbVisi\u00f3n\u00bb image=\u00bbhttps:\/\/virtualtransport.mx\/wp-content\/uploads\/2021\/11\/Vision.jpg\u00bb _builder_version=\u00bb4.4.4&#8243; header_font=\u00bb|700|||||||\u00bb header_text_color=\u00bb#d6d6d6&#8243; body_text_align=\u00bbjustify\u00bb body_text_color=\u00bb#d6d6d6&#8243; text_orientation=\u00bbcenter\u00bb custom_padding=\u00bb20px|20px|20px|20px|true|true\u00bb]<\/p>\n<p>Ser l\u00edderes en transportaci\u00f3n y log\u00edstica de carga nacional e internacional, desarrollando nuestro capital humano para alcanzar un alto est\u00e1ndar de calidad en los servicios brindados a nuestros clientes con los mejores recursos tecnol\u00f3gicos existentes para impulsar el desarrollo del comercio a trav\u00e9s de infraestructuras de clase mundial.<\/p>\n<p>[\/et_pb_blurb][\/et_pb_column][et_pb_column type=\u00bb1_3&#8243; _builder_version=\u00bb4.4.4&#8243; background_color=\u00bb#3F3F45&#8243; border_radii=\u00bbon|6px|6px|6px|6px\u00bb box_shadow_style=\u00bbpreset3&#8243;][et_pb_blurb title=\u00bbValores\u00bb image=\u00bbhttps:\/\/virtualtransport.mx\/wp-content\/uploads\/2021\/11\/Valores.jpg\u00bb _builder_version=\u00bb4.4.4&#8243; header_font=\u00bb|700|||||||\u00bb header_text_color=\u00bb#d6d6d6&#8243; body_text_color=\u00bb#d6d6d6&#8243; text_orientation=\u00bbcenter\u00bb custom_padding=\u00bb20px|20px|20px|20px|true|true\u00bb]<\/p>\n<p>\u2022 Honestidad<br \/> \u2022 Responsabilidad<br \/> \u2022 Trabajo en equipo<br \/> \u2022 Pasi\u00f3n por el servicio<br \/> \u2022 Innovaci\u00f3n y creatividad en soluciones<br \/> \u2022 Profesionalismo<br \/> \u2022 Compromiso<br \/> \u2022 Orientaci\u00f3n al cliente.<\/p>\n<p>[\/et_pb_blurb][\/et_pb_column][\/et_pb_row][\/et_pb_section][et_pb_section fb_built=\u00bb1&#8243; _builder_version=\u00bb4.4.4&#8243; background_image=\u00bbhttps:\/\/virtualtransport.mx\/wp-content\/uploads\/2021\/11\/fondo-negro-3-01.jpg\u00bb background_position=\u00bbbottom_center\u00bb custom_padding=\u00bb0px||0px||true|false\u00bb][et_pb_row column_structure=\u00bb1_2,1_2&#8243; use_custom_gutter=\u00bbon\u00bb gutter_width=\u00bb1&#8243; _builder_version=\u00bb4.4.4&#8243; width=\u00bb100%\u00bb max_width=\u00bb2560px\u00bb custom_padding=\u00bb0px|||||\u00bb][et_pb_column type=\u00bb1_2&#8243; _builder_version=\u00bb4.4.4&#8243;][et_pb_text _builder_version=\u00bb4.4.4&#8243; header_font=\u00bb|700|||||||\u00bb header_text_align=\u00bbleft\u00bb header_text_color=\u00bb#ffffff\u00bb header_font_size=\u00bb83px\u00bb custom_margin=\u00bb50px||||false|false\u00bb custom_padding=\u00bb|||170px|false|false\u00bb custom_padding_tablet=\u00bb\u00bb custom_padding_phone=\u00bb|||0px|false|false\u00bb custom_padding_last_edited=\u00bbon|phone\u00bb header_text_align_tablet=\u00bb\u00bb header_text_align_phone=\u00bbcenter\u00bb header_text_align_last_edited=\u00bbon|phone\u00bb header_font_size_tablet=\u00bb\u00bb header_font_size_phone=\u00bb38px\u00bb header_font_size_last_edited=\u00bbon|desktop\u00bb custom_margin__hover_enabled=\u00bbon|desktop\u00bb custom_padding__hover_enabled=\u00bboff|desktop\u00bb]<\/p>\n<h1>Trabajemos juntos<\/h1>\n<p>[\/et_pb_text][et_pb_image src=\u00bbhttps:\/\/virtualtransport.mx\/wp-content\/uploads\/2021\/11\/Trabajemos-juntos-3.png\u00bb title_text=\u00bbTrabajemos juntos &#8211; 3&#8243; align=\u00bbcenter\u00bb _builder_version=\u00bb4.4.4&#8243; width=\u00bb60%\u00bb width_tablet=\u00bb\u00bb width_phone=\u00bb80%\u00bb width_last_edited=\u00bbon|phone\u00bb][\/et_pb_image][\/et_pb_column][et_pb_column type=\u00bb1_2&#8243; _builder_version=\u00bb4.4.4&#8243; background_color=\u00bb#000000&#8243; background_image=\u00bbhttps:\/\/virtualtransport.mx\/wp-content\/uploads\/2021\/11\/fondo-negro-3-02.jpg\u00bb background_position=\u00bbbottom_right\u00bb transform_scale_tablet=\u00bb\u00bb transform_scale_phone=\u00bb\u00bb transform_scale_last_edited=\u00bbon|desktop\u00bb transform_translate=\u00bb0px|-60px\u00bb transform_translate_tablet=\u00bb\u00bb transform_translate_phone=\u00bb0px|0px\u00bb transform_translate_last_edited=\u00bbon|desktop\u00bb transform_translate_linked=\u00bboff\u00bb transform_rotate_tablet=\u00bb\u00bb transform_rotate_phone=\u00bb\u00bb transform_rotate_last_edited=\u00bbon|desktop\u00bb transform_skew_tablet=\u00bb\u00bb transform_skew_phone=\u00bb\u00bb transform_skew_last_edited=\u00bbon|desktop\u00bb transform_origin_tablet=\u00bb\u00bb transform_origin_phone=\u00bb\u00bb transform_origin_last_edited=\u00bbon|desktop\u00bb transform_styles_last_edited=\u00bbon|desktop\u00bb custom_padding=\u00bb||60px||false|false\u00bb animation_style=\u00bbfold\u00bb animation_direction=\u00bbbottom\u00bb transform_styles_tablet=\u00bb\u00bb transform_styles_phone=\u00bb\u00bb][et_pb_text _builder_version=\u00bb4.4.4&#8243; header_font=\u00bb|700|||||||\u00bb header_text_align=\u00bbcenter\u00bb header_text_color=\u00bb#ffffff\u00bb custom_margin=\u00bb100px||||false|false\u00bb]<\/p>\n<h1>\u00a1Cont\u00e1ctanos!<\/h1>\n<p>[\/et_pb_text][et_pb_contact_form email=\u00bbcontacto@virtualtransport.mx\u00bb custom_message=\u00bbNombre: %%Name%%||et_pb_line_break_holder||Direcci\u00f3n de correo electr\u00f3nico: %%Email%%||et_pb_line_break_holder||Mensaje: %%Message%%\u00bb _builder_version=\u00bb4.4.4&#8243; form_field_background_color=\u00bbrgba(0,0,0,0)\u00bb form_field_text_color=\u00bb#ffffff\u00bb custom_button=\u00bbon\u00bb button_text_color=\u00bb#ffffff\u00bb button_bg_color=\u00bb#3F3F45&#8243; button_border_width=\u00bb0px\u00bb button_border_radius=\u00bb10px\u00bb button_icon=\u00bb%%3%%\u00bb button_custom_padding=\u00bb||||false|false\u00bb custom_padding=\u00bb60px|100px||100px|false|false\u00bb custom_padding_tablet=\u00bb\u00bb custom_padding_phone=\u00bb|30px||30px|false|false\u00bb custom_padding_last_edited=\u00bbon|phone\u00bb border_width_bottom=\u00bb1px\u00bb border_color_bottom=\u00bb#ffffff\u00bb button_text_color__hover=\u00bb#000000&#8243; button_text_color__hover_enabled=\u00bbon|hover\u00bb button_bg_color__hover=\u00bb#FFF315&#8243; button_bg_color__hover_enabled=\u00bbon|hover\u00bb align_phone=\u00bbcenter\u00bb align_last_edited=\u00bbon|phone\u00bb][et_pb_contact_field field_id=\u00bbName\u00bb field_title=\u00bbNombre\u00bb _builder_version=\u00bb3.16&#8243; button_text_size__hover_enabled=\u00bboff\u00bb button_one_text_size__hover_enabled=\u00bboff\u00bb button_two_text_size__hover_enabled=\u00bboff\u00bb button_text_color__hover_enabled=\u00bboff\u00bb button_one_text_color__hover_enabled=\u00bboff\u00bb button_two_text_color__hover_enabled=\u00bboff\u00bb button_border_width__hover_enabled=\u00bboff\u00bb button_one_border_width__hover_enabled=\u00bboff\u00bb button_two_border_width__hover_enabled=\u00bboff\u00bb button_border_color__hover_enabled=\u00bboff\u00bb button_one_border_color__hover_enabled=\u00bboff\u00bb button_two_border_color__hover_enabled=\u00bboff\u00bb button_border_radius__hover_enabled=\u00bboff\u00bb button_one_border_radius__hover_enabled=\u00bboff\u00bb button_two_border_radius__hover_enabled=\u00bboff\u00bb button_letter_spacing__hover_enabled=\u00bboff\u00bb button_one_letter_spacing__hover_enabled=\u00bboff\u00bb button_two_letter_spacing__hover_enabled=\u00bboff\u00bb button_bg_color__hover_enabled=\u00bboff\u00bb button_one_bg_color__hover_enabled=\u00bboff\u00bb button_two_bg_color__hover_enabled=\u00bboff\u00bb][\/et_pb_contact_field][et_pb_contact_field field_id=\u00bbEmail\u00bb field_title=\u00bbDirecci\u00f3n de correo electr\u00f3nico\u00bb field_type=\u00bbemail\u00bb _builder_version=\u00bb3.16&#8243; button_text_size__hover_enabled=\u00bboff\u00bb button_one_text_size__hover_enabled=\u00bboff\u00bb button_two_text_size__hover_enabled=\u00bboff\u00bb button_text_color__hover_enabled=\u00bboff\u00bb button_one_text_color__hover_enabled=\u00bboff\u00bb button_two_text_color__hover_enabled=\u00bboff\u00bb button_border_width__hover_enabled=\u00bboff\u00bb button_one_border_width__hover_enabled=\u00bboff\u00bb button_two_border_width__hover_enabled=\u00bboff\u00bb button_border_color__hover_enabled=\u00bboff\u00bb button_one_border_color__hover_enabled=\u00bboff\u00bb button_two_border_color__hover_enabled=\u00bboff\u00bb button_border_radius__hover_enabled=\u00bboff\u00bb button_one_border_radius__hover_enabled=\u00bboff\u00bb button_two_border_radius__hover_enabled=\u00bboff\u00bb button_letter_spacing__hover_enabled=\u00bboff\u00bb button_one_letter_spacing__hover_enabled=\u00bboff\u00bb button_two_letter_spacing__hover_enabled=\u00bboff\u00bb button_bg_color__hover_enabled=\u00bboff\u00bb button_one_bg_color__hover_enabled=\u00bboff\u00bb button_two_bg_color__hover_enabled=\u00bboff\u00bb][\/et_pb_contact_field][et_pb_contact_field field_id=\u00bbMessage\u00bb field_title=\u00bbMensaje\u00bb field_type=\u00bbtext\u00bb fullwidth_field=\u00bbon\u00bb _builder_version=\u00bb3.16&#8243; button_text_size__hover_enabled=\u00bboff\u00bb button_one_text_size__hover_enabled=\u00bboff\u00bb button_two_text_size__hover_enabled=\u00bboff\u00bb button_text_color__hover_enabled=\u00bboff\u00bb button_one_text_color__hover_enabled=\u00bboff\u00bb button_two_text_color__hover_enabled=\u00bboff\u00bb button_border_width__hover_enabled=\u00bboff\u00bb button_one_border_width__hover_enabled=\u00bboff\u00bb button_two_border_width__hover_enabled=\u00bboff\u00bb button_border_color__hover_enabled=\u00bboff\u00bb button_one_border_color__hover_enabled=\u00bboff\u00bb button_two_border_color__hover_enabled=\u00bboff\u00bb button_border_radius__hover_enabled=\u00bboff\u00bb button_one_border_radius__hover_enabled=\u00bboff\u00bb button_two_border_radius__hover_enabled=\u00bboff\u00bb button_letter_spacing__hover_enabled=\u00bboff\u00bb button_one_letter_spacing__hover_enabled=\u00bboff\u00bb button_two_letter_spacing__hover_enabled=\u00bboff\u00bb button_bg_color__hover_enabled=\u00bboff\u00bb button_one_bg_color__hover_enabled=\u00bboff\u00bb button_two_bg_color__hover_enabled=\u00bboff\u00bb][\/et_pb_contact_field][\/et_pb_contact_form][\/et_pb_column][\/et_pb_row][et_pb_row column_structure=\u00bb1_4,1_4,1_4,1_4&#8243; _builder_version=\u00bb4.4.4&#8243; custom_padding=\u00bb||0px|||\u00bb][et_pb_column type=\u00bb1_4&#8243; _builder_version=\u00bb4.4.4&#8243;][et_pb_image src=\u00bbhttps:\/\/virtualtransport.mx\/wp-content\/uploads\/2021\/11\/Logo-virtual-transport.png\u00bb title_text=\u00bbLogo virtual transport\u00bb align_tablet=\u00bb\u00bb align_phone=\u00bbcenter\u00bb align_last_edited=\u00bbon|phone\u00bb _builder_version=\u00bb4.4.4&#8243; custom_padding=\u00bb60px||||false|false\u00bb][\/et_pb_image][\/et_pb_column][et_pb_column type=\u00bb1_4&#8243; _builder_version=\u00bb4.4.4&#8243;][et_pb_text _builder_version=\u00bb4.4.4&#8243; text_text_color=\u00bb#d6d6d6&#8243; text_line_height=\u00bb2.2em\u00bb header_text_color=\u00bb#d6d6d6&#8243;]<\/p>\n<h1><a href=\"https:\/\/virtualtransport.mx\/index.php\/servicios\/\">Servicios<\/a><\/h1>\n<ul>\n<li>Tipos de mercado<\/li>\n<li>Transporte Terrestre<\/li>\n<li>Intermodal y ferrocarril<\/li>\n<li>Transporte a\u00e9reo<\/li>\n<li>Transporte mar\u00edtimo<\/li>\n<li>Transporte consolidado<\/li>\n<\/ul>\n<p>[\/et_pb_text][\/et_pb_column][et_pb_column type=\u00bb1_4&#8243; _builder_version=\u00bb4.4.4&#8243;][et_pb_text _builder_version=\u00bb4.4.4&#8243; text_text_color=\u00bb#d6d6d6&#8243; text_line_height=\u00bb2.2em\u00bb header_text_color=\u00bb#d6d6d6&#8243;]<\/p>\n<h1><a href=\"https:\/\/virtualtransport.mx\/index.php\/sectores\/\">Transporte dedicado<\/a><\/h1>\n<ul>\n<li>Camioneta 1.5 ton.<\/li>\n<li>Camioneta 3.5 Ton<\/li>\n<li>Camioneta 5 ton<\/li>\n<li>Rabon<\/li>\n<li>Torthon<\/li>\n<li>Trailer 48\u2019<\/li>\n<li>Trailer 53\u2019<\/li>\n<li>Full<\/li>\n<li>Unidades Blindadas<\/li>\n<\/ul>\n<p>[\/et_pb_text][\/et_pb_column][et_pb_column type=\u00bb1_4&#8243; _builder_version=\u00bb4.4.4&#8243;][et_pb_text _builder_version=\u00bb4.4.4&#8243; text_text_color=\u00bb#d6d6d6&#8243; text_line_height=\u00bb2.2em\u00bb header_text_color=\u00bb#d6d6d6&#8243;]<\/p>\n<h1>Empresa<\/h1>\n<ul>\n<li><span style=\"color: #ffffff;\"><a href=\"https:\/\/virtualtransport.mx\/index.php\/nosotros\/\" style=\"color: #ffffff;\">Misi\u00f3n<\/a><\/span><\/li>\n<li><span style=\"color: #ffffff;\"><a href=\"https:\/\/virtualtransport.mx\/index.php\/nosotros\/\" style=\"color: #ffffff;\">Visi\u00f3n<\/a><\/span><\/li>\n<li><span style=\"color: #ffffff;\"><a href=\"https:\/\/virtualtransport.mx\/index.php\/nosotros\/\" style=\"color: #ffffff;\">Valores<\/a><\/span><\/li>\n<li><span style=\"color: #ffffff;\"><a href=\"https:\/\/virtualtransport.mx\/index.php\/nosotros\/\" style=\"color: #ffffff;\">Nuestro comprosimo<\/a><\/span><\/li>\n<\/ul>\n<p>&nbsp;<\/p>\n<p>[\/et_pb_text][\/et_pb_column][\/et_pb_row][\/et_pb_section]<\/p>\n","protected":false},"excerpt":{"rendered":"<p>[et_pb_section fb_built=\u00bb1&#8243; next_background_color=\u00bb#ffffff\u00bb _builder_version=\u00bb4.4.4&#8243; background_image=\u00bbhttps:\/\/virtualtransport.mx\/wp-content\/uploads\/2021\/11\/banner-3.jpg\u00bb custom_padding=\u00bb199px||200px|||\u00bb bottom_divider_style=\u00bbcurve\u00bb bottom_divider_height=\u00bb30px\u00bb bottom_divider_flip=\u00bbvertical\u00bb][et_pb_row _builder_version=\u00bb4.4.4&#8243;][et_pb_column type=\u00bb4_4&#8243; _builder_version=\u00bb4.4.4&#8243;][et_pb_text _builder_version=\u00bb4.4.4&#8243; header_font=\u00bb|700|||||||\u00bb header_text_align=\u00bbcenter\u00bb header_text_color=\u00bb#ffffff\u00bb header_font_size=\u00bb70px\u00bb] Nosotros [\/et_pb_text][\/et_pb_column][\/et_pb_row][\/et_pb_section][et_pb_section fb_built=\u00bb1&#8243; _builder_version=\u00bb4.4.4&#8243; use_background_color_gradient=\u00bbon\u00bb background_color_gradient_start=\u00bbrgba(43,135,218,0)\u00bb background_color_gradient_end=\u00bb#F2F2F2&#8243; background_color_gradient_start_position=\u00bb73%\u00bb background_color_gradient_end_position=\u00bb0%\u00bb][et_pb_row column_structure=\u00bb1_2,1_2&#8243; use_custom_gutter=\u00bbon\u00bb gutter_width=\u00bb1&#8243; _builder_version=\u00bb4.4.4&#8243;][et_pb_column type=\u00bb1_2&#8243; _builder_version=\u00bb4.4.4&#8243; background_color=\u00bb#112125&#8243;][et_pb_text _builder_version=\u00bb4.4.4&#8243; text_text_color=\u00bb#d6d6d6&#8243; header_font=\u00bb|700|||||||\u00bb header_text_color=\u00bb#d6d6d6&#8243; header_font_size=\u00bb48px\u00bb text_orientation=\u00bbjustified\u00bb custom_padding=\u00bb120px|50px|120px|50px|false|false\u00bb custom_padding_tablet=\u00bb\u00bb custom_padding_phone=\u00bb70px|20px|70px|20px|false|false\u00bb custom_padding_last_edited=\u00bbon|phone\u00bb header_font_size_tablet=\u00bb\u00bb header_font_size_phone=\u00bb38px\u00bb header_font_size_last_edited=\u00bbon|phone\u00bb] Qui\u00e9nes somos &nbsp; Somos una Empresa de Log\u00edstica con [&hellip;]<\/p>\n","protected":false},"author":1,"featured_media":0,"parent":0,"menu_order":0,"comment_status":"closed","ping_status":"closed","template":"","meta":{"_et_pb_use_builder":"on","_et_pb_old_content":"<!-- wp:divi\/placeholder \/-->","_et_gb_content_width":"","footnotes":""},"class_list":["post-33","page","type-page","status-publish","hentry"],"_links":{"self":[{"href":"https:\/\/virtualtransport.mx\/index.php\/wp-json\/wp\/v2\/pages\/33","targetHints":{"allow":["GET"]}}],"collection":[{"href":"https:\/\/virtualtransport.mx\/index.php\/wp-json\/wp\/v2\/pages"}],"about":[{"href":"https:\/\/virtualtransport.mx\/index.php\/wp-json\/wp\/v2\/types\/page"}],"author":[{"embeddable":true,"href":"https:\/\/virtualtransport.mx\/index.php\/wp-json\/wp\/v2\/users\/1"}],"replies":[{"embeddable":true,"href":"https:\/\/virtualtransport.mx\/index.php\/wp-json\/wp\/v2\/comments?post=33"}],"version-history":[{"count":30,"href":"https:\/\/virtualtransport.mx\/index.php\/wp-json\/wp\/v2\/pages\/33\/revisions"}],"predecessor-version":[{"id":535,"href":"https:\/\/virtualtransport.mx\/index.php\/wp-json\/wp\/v2\/pages\/33\/revisions\/535"}],"wp:attachment":[{"href":"https:\/\/virtualtransport.mx\/index.php\/wp-json\/wp\/v2\/media?parent=33"}],"curies":[{"name":"wp","href":"https:\/\/api.w.org\/{rel}","templated":true}]}}